{"id":1343,"date":"2017-02-13T15:00:10","date_gmt":"2017-02-13T15:00:10","guid":{"rendered":"http:\/\/test.kriesi.at\/enfold-2017\/?page_id=1343"},"modified":"2017-11-24T12:38:46","modified_gmt":"2017-11-24T11:38:46","slug":"eventi","status":"publish","type":"page","link":"https:\/\/rotaryclub-narniamelia.it\/?page_id=1343","title":{"rendered":"Eventi e News"},"content":{"rendered":"<div id='av-masonry-1' class='av-masonry noHover av-fixed-size av-1px-gap av-hover-overlay-active av-masonry-col-3 av-caption-always av-caption-style-   '  ><div class='av-masonry-container isotope av-js-disabled ' ><div class='av-masonry-entry isotope-item av-masonry-item-no-image all_sort news_sort '><\/div><a href=\"https:\/\/rotaryclub-narniamelia.it\/?p=4625\" id='av-masonry-1-item-4625' data-av-masonry-item='4625' class='av-masonry-entry isotope-item post-4625 post type-post status-publish format-standard has-post-thumbnail hentry category-news all_sort news_sort  av-masonry-item-with-image av-grid-img' title=\"Evento organizzato dal Rotary Club Amelia Narni venerd\u00ec 14 novembre 2025.Daniele Sabatini presenta il suo libro &#8221; Iubilaeum Nostrum. Il Giubileo dei Due Papi &#8220;.\"  itemscope=\"itemscope\" itemtype=\"https:\/\/schema.org\/CreativeWork\" ><div class='av-inner-masonry-sizer'><\/div><figure class='av-inner-masonry main_color'><div class=\"av-masonry-outerimage-container\"><div class=\"av-masonry-image-container\" style=\"background-image: url(https:\/\/rotaryclub-narniamelia.it\/wp-content\/uploads\/2025\/11\/EVENTO-VENERDI-14-NOVEMBRE-2025-498x705.jpg);\"><img decoding=\"async\" src=\"https:\/\/rotaryclub-narniamelia.it\/wp-content\/uploads\/2025\/11\/EVENTO-VENERDI-14-NOVEMBRE-2025-498x705.jpg\" title=\"EVENTO VENERDI&#8217; 14 NOVEMBRE 2025\" alt=\"\" \/><\/div><\/div><figcaption class='av-inner-masonry-content site-background'><div class='av-inner-masonry-content-pos'><div class='av-inner-masonry-content-pos-content'><div class='avia-arrow'><\/div><h3 class='av-masonry-entry-title entry-title'  itemprop=\"headline\" >Evento organizzato dal Rotary Club Amelia Narni venerd\u00ec 14 novembre 2025.Daniele Sabatini presenta il suo libro &#8221; Iubilaeum Nostrum. Il Giubileo dei Due Papi &#8220;.<\/h3><span class='av-masonry-date meta-color updated'>11 Novembre 2025<\/span><span class=\"av-masonry-text-sep text-sep-author\">\/<\/span><span class='av-masonry-author meta-color vcard author'><span class='fn'>da admin<\/span><\/span><\/div><\/div><\/figcaption><\/figure><\/a><!--end av-masonry entry--><a href=\"https:\/\/rotaryclub-narniamelia.it\/?p=4596\" id='av-masonry-1-item-4596' data-av-masonry-item='4596' class='av-masonry-entry isotope-item post-4596 post type-post status-publish format-standard has-post-thumbnail hentry category-news all_sort news_sort  av-masonry-item-with-image av-grid-img' title=\"Rotary Club Amelia Narni 3^ edizione distrettuale del torneo di tennis e padel &#8220;UNITI PER TELETHON&#8221; dal 9 al 17 maggio 2025. Vi aspettiamo numerosi.\"  itemscope=\"itemscope\" itemtype=\"https:\/\/schema.org\/CreativeWork\" ><div class='av-inner-masonry-sizer'><\/div><figure class='av-inner-masonry main_color'><div class=\"av-masonry-outerimage-container\"><div class=\"av-masonry-image-container\" style=\"background-image: url(https:\/\/rotaryclub-narniamelia.it\/wp-content\/uploads\/2025\/05\/Torneo-tennis-e-padel-Uniti-per-Telethon-1-499x705.jpg);\"><img decoding=\"async\" src=\"https:\/\/rotaryclub-narniamelia.it\/wp-content\/uploads\/2025\/05\/Torneo-tennis-e-padel-Uniti-per-Telethon-1-499x705.jpg\" title=\"Torneo tennis e padel Uniti per Telethon\" alt=\"\" \/><\/div><\/div><figcaption class='av-inner-masonry-content site-background'><div class='av-inner-masonry-content-pos'><div class='av-inner-masonry-content-pos-content'><div class='avia-arrow'><\/div><h3 class='av-masonry-entry-title entry-title'  itemprop=\"headline\" >Rotary Club Amelia Narni 3^ edizione distrettuale del torneo di tennis e padel &#8220;UNITI PER TELETHON&#8221; dal 9 al 17 maggio 2025. Vi aspettiamo numerosi.<\/h3><div class='av-masonry-entry-content entry-content'  itemprop=\"text\" >https:\/\/www.facebook.com\/groups\/www.rotary2090.it<\/div><span class='av-masonry-date meta-color updated'>2 Maggio 2025<\/span><span class=\"av-masonry-text-sep text-sep-author\">\/<\/span><span class='av-masonry-author meta-color vcard author'><span class='fn'>da admin<\/span><\/span><\/div><\/div><\/figcaption><\/figure><\/a><!--end av-masonry entry--><a href=\"https:\/\/rotaryclub-narniamelia.it\/?p=4580\" id='av-masonry-1-item-4580' data-av-masonry-item='4580' class='av-masonry-entry isotope-item post-4580 post type-post status-publish format-standard hentry category-news all_sort news_sort  av-masonry-item-no-image' title=\"Associazione &#8220;Il Faro&#8221; a Narni e &#8220;ConCreta&#8221; laboratori artigianato solidale ad Amelia.\"  itemscope=\"itemscope\" itemtype=\"https:\/\/schema.org\/CreativeWork\" ><div class='av-inner-masonry-sizer'><\/div><figure class='av-inner-masonry main_color'><figcaption class='av-inner-masonry-content site-background'><div class='av-inner-masonry-content-pos'><div class='av-inner-masonry-content-pos-content'><div class='avia-arrow'><\/div><h3 class='av-masonry-entry-title entry-title'  itemprop=\"headline\" >Associazione &#8220;Il Faro&#8221; a Narni e &#8220;ConCreta&#8221; laboratori artigianato solidale ad Amelia.<\/h3><span class='av-masonry-date meta-color updated'>17 Aprile 2025<\/span><span class=\"av-masonry-text-sep text-sep-author\">\/<\/span><span class='av-masonry-author meta-color vcard author'><span class='fn'>da admin<\/span><\/span><\/div><\/div><\/figcaption><\/figure><\/a><!--end av-masonry entry--><a href=\"https:\/\/rotaryclub-narniamelia.it\/?p=4570\" id='av-masonry-1-item-4570' data-av-masonry-item='4570' class='av-masonry-entry isotope-item post-4570 post type-post status-publish format-standard has-post-thumbnail hentry category-news all_sort news_sort  av-masonry-item-with-image av-grid-img' title=\"Cena Inner Wheel Auguri di Pasqua\"  itemscope=\"itemscope\" itemtype=\"https:\/\/schema.org\/CreativeWork\" ><div class='av-inner-masonry-sizer'><\/div><figure class='av-inner-masonry main_color'><div class=\"av-masonry-outerimage-container\"><div class=\"av-masonry-image-container\" style=\"background-image: url(https:\/\/rotaryclub-narniamelia.it\/wp-content\/uploads\/2025\/04\/foto-1.jpg);\"><img decoding=\"async\" src=\"https:\/\/rotaryclub-narniamelia.it\/wp-content\/uploads\/2025\/04\/foto-1.jpg\" title=\"foto\" alt=\"\" \/><\/div><\/div><figcaption class='av-inner-masonry-content site-background'><div class='av-inner-masonry-content-pos'><div class='av-inner-masonry-content-pos-content'><div class='avia-arrow'><\/div><h3 class='av-masonry-entry-title entry-title'  itemprop=\"headline\" >Cena Inner Wheel Auguri di Pasqua<\/h3><div class='av-masonry-entry-content entry-content'  itemprop=\"text\" >Meravigliosa serata, quella che si \u00e8 svolta venerd\u00ec 11 Aprile\u2026<\/div><span class='av-masonry-date meta-color updated'>15 Aprile 2025<\/span><span class=\"av-masonry-text-sep text-sep-author\">\/<\/span><span class='av-masonry-author meta-color vcard author'><span class='fn'>da admin<\/span><\/span><\/div><\/div><\/figcaption><\/figure><\/a><!--end av-masonry entry--><a href=\"https:\/\/rotaryclub-narniamelia.it\/?p=4539\" id='av-masonry-1-item-4539' data-av-masonry-item='4539' class='av-masonry-entry isotope-item post-4539 post type-post status-publish format-standard has-post-thumbnail hentry category-news all_sort news_sort  av-masonry-item-with-image av-grid-img' title=\"Interclub Rotary \u201cLeadership e soft skill: porre le basi per il futuro\u201d.\"  itemscope=\"itemscope\" itemtype=\"https:\/\/schema.org\/CreativeWork\" ><div class='av-inner-masonry-sizer'><\/div><figure class='av-inner-masonry main_color'><div class=\"av-masonry-outerimage-container\"><div class=\"av-masonry-image-container\" style=\"background-image: url(https:\/\/rotaryclub-narniamelia.it\/wp-content\/uploads\/2025\/03\/Foto-evento-22-marzo-2025-2-705x529.jpg);\"><img decoding=\"async\" src=\"https:\/\/rotaryclub-narniamelia.it\/wp-content\/uploads\/2025\/03\/Foto-evento-22-marzo-2025-2-705x529.jpg\" title=\"Foto evento 22 marzo 2025\" alt=\"\" \/><\/div><\/div><figcaption class='av-inner-masonry-content site-background'><div class='av-inner-masonry-content-pos'><div class='av-inner-masonry-content-pos-content'><div class='avia-arrow'><\/div><h3 class='av-masonry-entry-title entry-title'  itemprop=\"headline\" >Interclub Rotary \u201cLeadership e soft skill: porre le basi per il futuro\u201d.<\/h3><div class='av-masonry-entry-content entry-content'  itemprop=\"text\" >Grazie ai relatori, ai Club ed agli sponsor intervenuti,\u2026<\/div><span class='av-masonry-date meta-color updated'>24 Marzo 2025<\/span><span class=\"av-masonry-text-sep text-sep-author\">\/<\/span><span class='av-masonry-author meta-color vcard author'><span class='fn'>da admin<\/span><\/span><\/div><\/div><\/figcaption><\/figure><\/a><!--end av-masonry entry--><a href=\"https:\/\/rotaryclub-narniamelia.it\/?p=4501\" id='av-masonry-1-item-4501' data-av-masonry-item='4501' class='av-masonry-entry isotope-item post-4501 post type-post status-publish format-standard has-post-thumbnail hentry category-news all_sort news_sort  av-masonry-item-with-image av-grid-img' title=\"&#8220;Emergenza adolescenza: il coraggio di diventare grandi&#8221;\"  itemscope=\"itemscope\" itemtype=\"https:\/\/schema.org\/CreativeWork\" ><div class='av-inner-masonry-sizer'><\/div><figure class='av-inner-masonry main_color'><div class=\"av-masonry-outerimage-container\"><div class=\"av-masonry-image-container\" style=\"background-image: url(https:\/\/rotaryclub-narniamelia.it\/wp-content\/uploads\/2025\/02\/Immagine-WhatsApp-2025-01-26-ore-13.35.24_1d074d0a-705x529.jpg);\"><img decoding=\"async\" src=\"https:\/\/rotaryclub-narniamelia.it\/wp-content\/uploads\/2025\/02\/Immagine-WhatsApp-2025-01-26-ore-13.35.24_1d074d0a-705x529.jpg\" title=\"Immagine WhatsApp 2025-01-26 ore 13.35.24_1d074d0a\" alt=\"\" \/><\/div><\/div><figcaption class='av-inner-masonry-content site-background'><div class='av-inner-masonry-content-pos'><div class='av-inner-masonry-content-pos-content'><div class='avia-arrow'><\/div><h3 class='av-masonry-entry-title entry-title'  itemprop=\"headline\" >&#8220;Emergenza adolescenza: il coraggio di diventare grandi&#8221;<\/h3><div class='av-masonry-entry-content entry-content'  itemprop=\"text\" >Evento organizzato dal Rotary Club Amelia Narni: \" Emergenza\u2026<\/div><span class='av-masonry-date meta-color updated'>5 Febbraio 2025<\/span><span class=\"av-masonry-text-sep text-sep-author\">\/<\/span><span class='av-masonry-author meta-color vcard author'><span class='fn'>da admin<\/span><\/span><\/div><\/div><\/figcaption><\/figure><\/a><!--end av-masonry entry--><a href=\"https:\/\/rotaryclub-narniamelia.it\/?p=4320\" id='av-masonry-1-item-4320' data-av-masonry-item='4320' class='av-masonry-entry isotope-item post-4320 post type-post status-publish format-standard hentry category-news all_sort news_sort  av-masonry-item-no-image' title=\"\u201c119 anni del Rotary nel segno della pace\u201d   Nella splendida cornice del teatro Manini di Narni il 23 febbraio alle ore 21 la band di Fabrizio Longaroni 7et con musica e voce dar\u00e1 vita ad un concerto per la Pace. Tutto il ricavato della serata sar\u00e0 devoluto alle associazioni che si occupano dei profughi fuggiti dai territori in guerra .\"  itemscope=\"itemscope\" itemtype=\"https:\/\/schema.org\/CreativeWork\" ><div class='av-inner-masonry-sizer'><\/div><figure class='av-inner-masonry main_color'><figcaption class='av-inner-masonry-content site-background'><div class='av-inner-masonry-content-pos'><div class='av-inner-masonry-content-pos-content'><div class='avia-arrow'><\/div><h3 class='av-masonry-entry-title entry-title'  itemprop=\"headline\" >\u201c119 anni del Rotary nel segno della pace\u201d   Nella splendida cornice del teatro Manini di Narni il 23 febbraio alle ore 21 la band di Fabrizio Longaroni 7et con musica e voce dar\u00e1 vita ad un concerto per la Pace. Tutto il ricavato della serata sar\u00e0 devoluto alle associazioni che si occupano dei profughi fuggiti dai territori in guerra .<\/h3><span class='av-masonry-date meta-color updated'>19 Febbraio 2024<\/span><span class=\"av-masonry-text-sep text-sep-author\">\/<\/span><span class='av-masonry-author meta-color vcard author'><span class='fn'>da admin<\/span><\/span><\/div><\/div><\/figcaption><\/figure><\/a><!--end av-masonry entry--><a href=\"https:\/\/rotaryclub-narniamelia.it\/?p=4313\" id='av-masonry-1-item-4313' data-av-masonry-item='4313' class='av-masonry-entry isotope-item post-4313 post type-post status-publish format-standard hentry category-news all_sort news_sort  av-masonry-item-no-image' title=\"Evento sabato 27 gennaio 2024. Il mio Rotary Club Amelia-Narni Distretto 2090 con le ragazze dell\u2019interact per una sfilata di moda solidale\u2764\ufe0f gli abiti che indossavano le \u201c modelle del cuore\u201d sono stati confezionati dalle ragazze dell\u2019Istituto Ipsia Sandro Pertini di Terni settore Moda . Ringrazio a nome del Rotary gli insegnati e il Preside che mi hanno permesso tutto questo\ud83e\udd29. La Presidente Maria Clotilde Calisti\"  itemscope=\"itemscope\" itemtype=\"https:\/\/schema.org\/CreativeWork\" ><div class='av-inner-masonry-sizer'><\/div><figure class='av-inner-masonry main_color'><figcaption class='av-inner-masonry-content site-background'><div class='av-inner-masonry-content-pos'><div class='av-inner-masonry-content-pos-content'><div class='avia-arrow'><\/div><h3 class='av-masonry-entry-title entry-title'  itemprop=\"headline\" >Evento sabato 27 gennaio 2024. Il mio Rotary Club Amelia-Narni Distretto 2090 con le ragazze dell\u2019interact per una sfilata di moda solidale\u2764\ufe0f gli abiti che indossavano le \u201c modelle del cuore\u201d sono stati confezionati dalle ragazze dell\u2019Istituto Ipsia Sandro Pertini di Terni settore Moda . Ringrazio a nome del Rotary gli insegnati e il Preside che mi hanno permesso tutto questo\ud83e\udd29. La Presidente Maria Clotilde Calisti<\/h3><span class='av-masonry-date meta-color updated'>5 Febbraio 2024<\/span><span class=\"av-masonry-text-sep text-sep-author\">\/<\/span><span class='av-masonry-author meta-color vcard author'><span class='fn'>da admin<\/span><\/span><\/div><\/div><\/figcaption><\/figure><\/a><!--end av-masonry entry--><a href=\"https:\/\/rotaryclub-narniamelia.it\/?p=4290\" id='av-masonry-1-item-4290' data-av-masonry-item='4290' class='av-masonry-entry isotope-item post-4290 post type-post status-publish format-standard has-post-thumbnail hentry category-news all_sort news_sort  av-masonry-item-with-image av-grid-img' title=\"Il Rotary club Amelia Narni. Una tavola rotonda sabato 27 gennaio 2024 presso la Sala Conti Palladini in Amelia dal titolo &#8220;Pillole di prevenzione e cura. Sorrisi della salute&#8221; per dare speranza e far conoscere le attivit\u00e0 sociali del mio club. Vi aspetto numerosi perch\u00e9 conoscere significa prevenire e per argomenti cos\u00ec importanti  la prevenzione \u00e8 fondamentale . Il Presidente Maria Clotilde Calisti\"  itemscope=\"itemscope\" itemtype=\"https:\/\/schema.org\/CreativeWork\" ><div class='av-inner-masonry-sizer'><\/div><figure class='av-inner-masonry main_color'><div class=\"av-masonry-outerimage-container\"><div class=\"av-masonry-image-container\" style=\"background-image: url(https:\/\/rotaryclub-narniamelia.it\/wp-content\/uploads\/2024\/01\/IMG-20240117-WA0002-2-503x705.jpg);\"><img decoding=\"async\" src=\"https:\/\/rotaryclub-narniamelia.it\/wp-content\/uploads\/2024\/01\/IMG-20240117-WA0002-2-503x705.jpg\" title=\"IMG-20240117-WA0002\" alt=\"\" \/><\/div><\/div><figcaption class='av-inner-masonry-content site-background'><div class='av-inner-masonry-content-pos'><div class='av-inner-masonry-content-pos-content'><div class='avia-arrow'><\/div><h3 class='av-masonry-entry-title entry-title'  itemprop=\"headline\" >Il Rotary club Amelia Narni. Una tavola rotonda sabato 27 gennaio 2024 presso la Sala Conti Palladini in Amelia dal titolo &#8220;Pillole di prevenzione e cura. Sorrisi della salute&#8221; per dare speranza e far conoscere le attivit\u00e0 sociali del mio club. Vi aspetto numerosi perch\u00e9 conoscere significa prevenire e per argomenti cos\u00ec importanti  la prevenzione \u00e8 fondamentale . Il Presidente Maria Clotilde Calisti<\/h3><div class='av-masonry-entry-content entry-content'  itemprop=\"text\" >file:\/\/<\/div><span class='av-masonry-date meta-color updated'>21 Gennaio 2024<\/span><span class=\"av-masonry-text-sep text-sep-author\">\/<\/span><span class='av-masonry-author meta-color vcard author'><span class='fn'>da admin<\/span><\/span><\/div><\/div><\/figcaption><\/figure><\/a><!--end av-masonry entry--><a href=\"https:\/\/rotaryclub-narniamelia.it\/?p=4234\" id='av-masonry-1-item-4234' data-av-masonry-item='4234' class='av-masonry-entry isotope-item post-4234 post type-post status-publish format-standard has-post-thumbnail hentry category-news all_sort news_sort  av-masonry-item-with-image av-grid-img' title=\"Convegno organizzato dal Rotary Club Amelia Narni  &#8220;Le api preziose alleate dell&#8217;uomo&#8221; 20 ottobre 2023.\"  itemscope=\"itemscope\" itemtype=\"https:\/\/schema.org\/CreativeWork\" ><div class='av-inner-masonry-sizer'><\/div><figure class='av-inner-masonry main_color'><div class=\"av-masonry-outerimage-container\"><div class=\"av-masonry-image-container\" style=\"background-image: url(https:\/\/rotaryclub-narniamelia.it\/wp-content\/uploads\/2023\/10\/Convegno-20-ottobre-2023-505x705.jpeg);\"><img decoding=\"async\" src=\"https:\/\/rotaryclub-narniamelia.it\/wp-content\/uploads\/2023\/10\/Convegno-20-ottobre-2023-505x705.jpeg\" title=\"Convegno 20 ottobre 2023\" alt=\"\" \/><\/div><\/div><figcaption class='av-inner-masonry-content site-background'><div class='av-inner-masonry-content-pos'><div class='av-inner-masonry-content-pos-content'><div class='avia-arrow'><\/div><h3 class='av-masonry-entry-title entry-title'  itemprop=\"headline\" >Convegno organizzato dal Rotary Club Amelia Narni  &#8220;Le api preziose alleate dell&#8217;uomo&#8221; 20 ottobre 2023.<\/h3><span class='av-masonry-date meta-color updated'>6 Ottobre 2023<\/span><span class=\"av-masonry-text-sep text-sep-author\">\/<\/span><span class='av-masonry-author meta-color vcard author'><span class='fn'>da admin<\/span><\/span><\/div><\/div><\/figcaption><\/figure><\/a><!--end av-masonry entry--><a href=\"https:\/\/rotaryclub-narniamelia.it\/?p=4222\" id='av-masonry-1-item-4222' data-av-masonry-item='4222' class='av-masonry-entry isotope-item post-4222 post type-post status-publish format-standard has-post-thumbnail hentry category-news all_sort news_sort  av-masonry-item-with-image av-landscape-img' title=\"Premio Rotary Umbria 2023\"  itemscope=\"itemscope\" itemtype=\"https:\/\/schema.org\/CreativeWork\" ><div class='av-inner-masonry-sizer'><\/div><figure class='av-inner-masonry main_color'><div class=\"av-masonry-outerimage-container\"><div class=\"av-masonry-image-container\" style=\"background-image: url(https:\/\/rotaryclub-narniamelia.it\/wp-content\/uploads\/2023\/07\/Premio-Rotary-Umbria-1_2023-1-705x397.jpg);\"><img decoding=\"async\" src=\"https:\/\/rotaryclub-narniamelia.it\/wp-content\/uploads\/2023\/07\/Premio-Rotary-Umbria-1_2023-1-705x397.jpg\" title=\"Premio Rotary Umbria 1_2023\" alt=\"\" \/><\/div><\/div><figcaption class='av-inner-masonry-content site-background'><div class='av-inner-masonry-content-pos'><div class='av-inner-masonry-content-pos-content'><div class='avia-arrow'><\/div><h3 class='av-masonry-entry-title entry-title'  itemprop=\"headline\" >Premio Rotary Umbria 2023<\/h3><div class='av-masonry-entry-content entry-content'  itemprop=\"text\" >Articolo Premio Rotary Umbria 2023\u00a0 \u00a0 \u00a0 \u00a0 \u00a0<\/div><span class='av-masonry-date meta-color updated'>5 Luglio 2023<\/span><span class=\"av-masonry-text-sep text-sep-author\">\/<\/span><span class='av-masonry-author meta-color vcard author'><span class='fn'>da admin<\/span><\/span><\/div><\/div><\/figcaption><\/figure><\/a><!--end av-masonry entry--><a href=\"https:\/\/rotaryclub-narniamelia.it\/?p=4218\" id='av-masonry-1-item-4218' data-av-masonry-item='4218' class='av-masonry-entry isotope-item post-4218 post type-post status-publish format-standard has-post-thumbnail hentry category-news all_sort news_sort  av-masonry-item-with-image av-grid-img' title=\"Passaggio della Campana sabato 1 luglio 2023 presso Tenuta Fogliani\"  itemscope=\"itemscope\" itemtype=\"https:\/\/schema.org\/CreativeWork\" ><div class='av-inner-masonry-sizer'><\/div><figure class='av-inner-masonry main_color'><div class=\"av-masonry-outerimage-container\"><div class=\"av-masonry-image-container\" style=\"background-image: url(https:\/\/rotaryclub-narniamelia.it\/wp-content\/uploads\/2023\/07\/Passaggio-della-campana-1_2023-529x705.jpg);\"><img decoding=\"async\" src=\"https:\/\/rotaryclub-narniamelia.it\/wp-content\/uploads\/2023\/07\/Passaggio-della-campana-1_2023-529x705.jpg\" title=\"Passaggio della campana 1_2023\" alt=\"\" \/><\/div><\/div><figcaption class='av-inner-masonry-content site-background'><div class='av-inner-masonry-content-pos'><div class='av-inner-masonry-content-pos-content'><div class='avia-arrow'><\/div><h3 class='av-masonry-entry-title entry-title'  itemprop=\"headline\" >Passaggio della Campana sabato 1 luglio 2023 presso Tenuta Fogliani<\/h3><span class='av-masonry-date meta-color updated'>5 Luglio 2023<\/span><span class=\"av-masonry-text-sep text-sep-author\">\/<\/span><span class='av-masonry-author meta-color vcard author'><span class='fn'>da admin<\/span><\/span><\/div><\/div><\/figcaption><\/figure><\/a><!--end av-masonry entry--><\/div><a class='av-masonry-pagination av-masonry-load-more' href='#load-more'  data-ids=''  data-action=''  data-link='category, 14'  data-post_type='post, page, attachment, revision, nav_menu_item, custom_css, customize_changeset, oembed_cache, user_request, wp_block, wp_template, wp_template_part, wp_global_styles, wp_navigation, wp_font_family, wp_font_face, portfolio, avia_framework_post'  data-items='12'  data-size='fixed masonry'  data-gap='1px'  data-overlay_fx='active'  data-offset='0'  data-container_links='1'  data-container_class=''  data-paginate='load_more'  data-caption_elements='title excerpt'  data-caption_display='always'  data-caption_styling=''  data-sort='yes'  data-columns='3'  data-auto_ratio='1.7'  data-set_breadcrumb='1'  data-custom_markup=''  data-query_orderby='date'  data-query_order='DESC'  data-color=''  data-custom_bg=''  data-orientation=''  data-taxonomy='category'  data-categories='14'  data-avno='bc44f08944'>Carica di pi\u00f9<\/a><\/div>\n","protected":false},"excerpt":{"rendered":"","protected":false},"author":1,"featured_media":0,"parent":0,"menu_order":0,"comment_status":"closed","ping_status":"closed","template":"","meta":{"_themeisle_gutenberg_block_has_review":false,"footnotes":""},"class_list":["post-1343","page","type-page","status-publish","hentry"],"_links":{"self":[{"href":"https:\/\/rotaryclub-narniamelia.it\/index.php?rest_route=\/wp\/v2\/pages\/1343","targetHints":{"allow":["GET"]}}],"collection":[{"href":"https:\/\/rotaryclub-narniamelia.it\/index.php?rest_route=\/wp\/v2\/pages"}],"about":[{"href":"https:\/\/rotaryclub-narniamelia.it\/index.php?rest_route=\/wp\/v2\/types\/page"}],"author":[{"embeddable":true,"href":"https:\/\/rotaryclub-narniamelia.it\/index.php?rest_route=\/wp\/v2\/users\/1"}],"replies":[{"embeddable":true,"href":"https:\/\/rotaryclub-narniamelia.it\/index.php?rest_route=%2Fwp%2Fv2%2Fcomments&post=1343"}],"version-history":[{"count":8,"href":"https:\/\/rotaryclub-narniamelia.it\/index.php?rest_route=\/wp\/v2\/pages\/1343\/revisions"}],"predecessor-version":[{"id":3442,"href":"https:\/\/rotaryclub-narniamelia.it\/index.php?rest_route=\/wp\/v2\/pages\/1343\/revisions\/3442"}],"wp:attachment":[{"href":"https:\/\/rotaryclub-narniamelia.it\/index.php?rest_route=%2Fwp%2Fv2%2Fmedia&parent=1343"}],"curies":[{"name":"wp","href":"https:\/\/api.w.org\/{rel}","templated":true}]}}